{"id":99,"date":"2023-04-25T02:43:36","date_gmt":"2023-04-25T00:43:36","guid":{"rendered":"http:\/\/evasio.lan\/fr\/?page_id=99"},"modified":"2025-06-30T03:03:44","modified_gmt":"2025-06-30T01:03:44","slug":"plan-du-site","status":"publish","type":"page","link":"https:\/\/evasio.world\/fr\/plan-du-site\/","title":{"rendered":"Plan du site"},"content":{"rendered":"\n<h2 class=\"wp-block-heading\">Destinations<\/h2>\n\n\n\n<p>Parcourez le r\u00e9pertoire des continents, pays et villes du monde o\u00f9 il fait bon voyager.<\/p>\n\n\n\n<p><a href=\"\/fr\/destinations\/\">Voir toutes nos destinations<\/a><\/p>\n\n\n\n<h2 class=\"wp-block-heading\">Blog<\/h2>\n\n\n\n<p>Nos articles pour voyager autour du monde.<\/p>\n\n\n\n<p><a href=\"\/fr\/blog\/\">Lire nos articles<\/a><\/p>\n\n\n\n<h2 class=\"wp-block-heading\">Guides de voyages<\/h2>\n\n\n\n<p>Nos guides de voyages pour voyager dans les meilleures places, faire les plus belles attractions et voir les plus belles choses du monde.<\/p>\n\n\n\n<p><a href=\"\/fr\/guides-de-voyage\/\">Voir nos guides de voyage<\/a><\/p>\n","protected":false},"excerpt":{"rendered":"<p>Destinations Parcourez le r\u00e9pertoire des continents, pays et villes du monde o\u00f9 il fait bon voyager. Voir toutes nos destinations Blog Nos articles pour voyager autour du monde. Lire nos articles Guides de voyages Nos guides de voyages pour voyager dans les meilleures places, faire les plus belles attractions et voir les plus belles choses [&hellip;]<\/p>\n","protected":false},"author":1,"featured_media":0,"parent":0,"menu_order":0,"comment_status":"closed","ping_status":"closed","template":"","meta":{"_acf_changed":false,"footnotes":""},"class_list":["post-99","page","type-page","status-publish","hentry"],"acf":[],"yoast_head":"<!-- This site is optimized with the Yoast SEO plugin v27.4 - https:\/\/yoast.com\/product\/yoast-seo-wordpress\/ -->\n<title>Plan du site | Evasio<\/title>\n<meta name=\"robots\" content=\"index, follow, max-snippet:-1, max-image-preview:large, max-video-preview:-1\" \/>\n<link rel=\"canonical\" href=\"https:\/\/evasio.world\/fr\/plan-du-site\/\" \/>\n<meta property=\"og:locale\" content=\"fr_FR\" \/>\n<meta property=\"og:type\" content=\"article\" \/>\n<meta property=\"og:title\" content=\"Plan du site | Evasio\" \/>\n<meta property=\"og:description\" content=\"Destinations Parcourez le r\u00e9pertoire des continents, pays et villes du monde o\u00f9 il fait bon voyager. Voir toutes nos destinations Blog Nos articles pour voyager autour du monde. Lire nos articles Guides de voyages Nos guides de voyages pour voyager dans les meilleures places, faire les plus belles attractions et voir les plus belles choses [&hellip;]\" \/>\n<meta property=\"og:url\" content=\"https:\/\/evasio.world\/fr\/plan-du-site\/\" \/>\n<meta property=\"og:site_name\" content=\"Fran\u00e7ais\" \/>\n<meta property=\"article:modified_time\" content=\"2025-06-30T01:03:44+00:00\" \/>\n<meta name=\"twitter:card\" content=\"summary_large_image\" \/>\n<meta name=\"twitter:label1\" content=\"Dur\u00e9e de lecture estim\u00e9e\" \/>\n\t<meta name=\"twitter:data1\" content=\"1 minute\" \/>\n<script type=\"application\/ld+json\" class=\"yoast-schema-graph\">{\"@context\":\"https:\\\/\\\/schema.org\",\"@graph\":[{\"@type\":\"WebPage\",\"@id\":\"https:\\\/\\\/evasio.world\\\/fr\\\/plan-du-site\\\/\",\"url\":\"https:\\\/\\\/evasio.world\\\/fr\\\/plan-du-site\\\/\",\"name\":\"Plan du site | Evasio\",\"isPartOf\":{\"@id\":\"https:\\\/\\\/evasio.world\\\/fr\\\/#website\"},\"datePublished\":\"2023-04-25T00:43:36+00:00\",\"dateModified\":\"2025-06-30T01:03:44+00:00\",\"breadcrumb\":{\"@id\":\"https:\\\/\\\/evasio.world\\\/fr\\\/plan-du-site\\\/#breadcrumb\"},\"inLanguage\":\"fr-FR\",\"potentialAction\":[{\"@type\":\"ReadAction\",\"target\":[\"https:\\\/\\\/evasio.world\\\/fr\\\/plan-du-site\\\/\"]}]},{\"@type\":\"BreadcrumbList\",\"@id\":\"https:\\\/\\\/evasio.world\\\/fr\\\/plan-du-site\\\/#breadcrumb\",\"itemListElement\":[{\"@type\":\"ListItem\",\"position\":1,\"name\":\"Accueil\",\"item\":\"https:\\\/\\\/evasio.world\\\/fr\\\/\"},{\"@type\":\"ListItem\",\"position\":2,\"name\":\"Plan du site\"}]},{\"@type\":\"WebSite\",\"@id\":\"https:\\\/\\\/evasio.world\\\/fr\\\/#website\",\"url\":\"https:\\\/\\\/evasio.world\\\/fr\\\/\",\"name\":\"Evasio\",\"description\":\"\",\"potentialAction\":[{\"@type\":\"SearchAction\",\"target\":{\"@type\":\"EntryPoint\",\"urlTemplate\":\"https:\\\/\\\/evasio.world\\\/fr\\\/?s={search_term_string}\"},\"query-input\":{\"@type\":\"PropertyValueSpecification\",\"valueRequired\":true,\"valueName\":\"search_term_string\"}}],\"inLanguage\":\"fr-FR\"}]}<\/script>\n<!-- \/ Yoast SEO plugin. -->","yoast_head_json":{"title":"Plan du site | Evasio","robots":{"index":"index","follow":"follow","max-snippet":"max-snippet:-1","max-image-preview":"max-image-preview:large","max-video-preview":"max-video-preview:-1"},"canonical":"https:\/\/evasio.world\/fr\/plan-du-site\/","og_locale":"fr_FR","og_type":"article","og_title":"Plan du site | Evasio","og_description":"Destinations Parcourez le r\u00e9pertoire des continents, pays et villes du monde o\u00f9 il fait bon voyager. Voir toutes nos destinations Blog Nos articles pour voyager autour du monde. Lire nos articles Guides de voyages Nos guides de voyages pour voyager dans les meilleures places, faire les plus belles attractions et voir les plus belles choses [&hellip;]","og_url":"https:\/\/evasio.world\/fr\/plan-du-site\/","og_site_name":"Fran\u00e7ais","article_modified_time":"2025-06-30T01:03:44+00:00","twitter_card":"summary_large_image","twitter_misc":{"Dur\u00e9e de lecture estim\u00e9e":"1 minute"},"schema":{"@context":"https:\/\/schema.org","@graph":[{"@type":"WebPage","@id":"https:\/\/evasio.world\/fr\/plan-du-site\/","url":"https:\/\/evasio.world\/fr\/plan-du-site\/","name":"Plan du site | Evasio","isPartOf":{"@id":"https:\/\/evasio.world\/fr\/#website"},"datePublished":"2023-04-25T00:43:36+00:00","dateModified":"2025-06-30T01:03:44+00:00","breadcrumb":{"@id":"https:\/\/evasio.world\/fr\/plan-du-site\/#breadcrumb"},"inLanguage":"fr-FR","potentialAction":[{"@type":"ReadAction","target":["https:\/\/evasio.world\/fr\/plan-du-site\/"]}]},{"@type":"BreadcrumbList","@id":"https:\/\/evasio.world\/fr\/plan-du-site\/#breadcrumb","itemListElement":[{"@type":"ListItem","position":1,"name":"Accueil","item":"https:\/\/evasio.world\/fr\/"},{"@type":"ListItem","position":2,"name":"Plan du site"}]},{"@type":"WebSite","@id":"https:\/\/evasio.world\/fr\/#website","url":"https:\/\/evasio.world\/fr\/","name":"Evasio","description":"","potentialAction":[{"@type":"SearchAction","target":{"@type":"EntryPoint","urlTemplate":"https:\/\/evasio.world\/fr\/?s={search_term_string}"},"query-input":{"@type":"PropertyValueSpecification","valueRequired":true,"valueName":"search_term_string"}}],"inLanguage":"fr-FR"}]}},"_links":{"self":[{"href":"https:\/\/evasio.world\/fr\/wp-json\/wp\/v2\/pages\/99","targetHints":{"allow":["GET"]}}],"collection":[{"href":"https:\/\/evasio.world\/fr\/wp-json\/wp\/v2\/pages"}],"about":[{"href":"https:\/\/evasio.world\/fr\/wp-json\/wp\/v2\/types\/page"}],"author":[{"embeddable":true,"href":"https:\/\/evasio.world\/fr\/wp-json\/wp\/v2\/users\/1"}],"replies":[{"embeddable":true,"href":"https:\/\/evasio.world\/fr\/wp-json\/wp\/v2\/comments?post=99"}],"version-history":[{"count":2,"href":"https:\/\/evasio.world\/fr\/wp-json\/wp\/v2\/pages\/99\/revisions"}],"predecessor-version":[{"id":1527,"href":"https:\/\/evasio.world\/fr\/wp-json\/wp\/v2\/pages\/99\/revisions\/1527"}],"wp:attachment":[{"href":"https:\/\/evasio.world\/fr\/wp-json\/wp\/v2\/media?parent=99"}],"curies":[{"name":"wp","href":"https:\/\/api.w.org\/{rel}","templated":true}]}}