{"id":126,"date":"2023-04-25T04:20:31","date_gmt":"2023-04-25T02:20:31","guid":{"rendered":"http:\/\/evasio.lan\/fr\/?page_id=126"},"modified":"2024-01-01T23:29:26","modified_gmt":"2024-01-01T22:29:26","slug":"vivre-a-letranger","status":"publish","type":"page","link":"https:\/\/evasio.world\/fr\/vivre-a-letranger\/","title":{"rendered":"Vivre \u00e0 l&rsquo;\u00e9tranger"},"content":{"rendered":"\r\n<p>De plus en plus de personnes r\u00eavent de vivre \u00e0 l&rsquo;\u00e9tranger. Que ce soit pour des raisons professionnelles, pour d\u00e9couvrir de nouvelles cultures, pour apprendre une langue \u00e9trang\u00e8re ou pour explorer de nouveaux horizons, vivre \u00e0 l&rsquo;\u00e9tranger peut \u00eatre une exp\u00e9rience enrichissante et stimulante. Cependant, envisager de vivre \u00e0 l&rsquo;\u00e9tranger peut \u00e9galement \u00eatre effrayant et stressant. Dans cet article, nous allons examiner les \u00e9tapes \u00e0 suivre pour envisager de vivre \u00e0 l&rsquo;\u00e9tranger.<\/p>\r\n\r\n\r\n\r\n<h3 class=\"wp-block-heading\">Choisissez une destination\u00a0<\/h3>\r\n\r\n\r\n\r\n<p>La premi\u00e8re \u00e9tape pour envisager de vivre \u00e0 l&rsquo;\u00e9tranger est de choisir une destination. Vous pouvez choisir une destination en fonction de vos int\u00e9r\u00eats, de votre exp\u00e9rience professionnelle, de la langue que vous souhaitez apprendre, de votre budget, etc. Une fois que vous avez choisi votre destination, renseignez-vous sur la culture, le climat, le co\u00fbt de la vie, les possibilit\u00e9s d&#8217;emploi, etc.<\/p>\r\n\r\n\r\n\r\n<h3 class=\"wp-block-heading\">Renseignez-vous sur les visas\u00a0<\/h3>\r\n\r\n\r\n\r\n<p>La plupart des pays ont des exigences de visa pour les \u00e9trangers qui souhaitent vivre ou travailler sur leur territoire. Renseignez-vous sur les diff\u00e9rents types de visas disponibles, les crit\u00e8res d&rsquo;admissibilit\u00e9, les d\u00e9lais de traitement, les frais, etc. Assurez-vous \u00e9galement de respecter les r\u00e8gles et les lois en mati\u00e8re de visa, car les cons\u00e9quences peuvent \u00eatre graves si vous \u00eates en infraction.<\/p>\r\n\r\n\r\n\r\n<h3 class=\"wp-block-heading\">Trouvez un logement\u00a0<\/h3>\r\n\r\n\r\n\r\n<p>Une fois que vous avez choisi votre destination et que vous avez obtenu votre visa, la prochaine \u00e9tape est de trouver un logement. Vous pouvez rechercher des options d&rsquo;h\u00e9bergement temporaires, telles que des auberges de jeunesse ou des locations de vacances, ou des options d&rsquo;h\u00e9bergement permanentes, telles que des appartements ou des maisons \u00e0 louer. Assurez-vous de rechercher des options d&rsquo;h\u00e9bergement qui r\u00e9pondent \u00e0 vos besoins et \u00e0 votre budget.<\/p>\r\n\r\n\r\n\r\n<h3 class=\"wp-block-heading\">Trouvez un emploi ou cr\u00e9ez votre propre entreprise\u00a0<\/h3>\r\n\r\n\r\n\r\n<p>Si vous envisagez de vivre \u00e0 l&rsquo;\u00e9tranger pour des raisons professionnelles, vous devrez trouver un emploi ou cr\u00e9er votre propre entreprise. Vous pouvez rechercher des offres d&#8217;emploi en ligne ou contacter des entreprises locales pour savoir si elles ont des postes vacants. Si vous pr\u00e9voyez de cr\u00e9er votre propre entreprise, renseignez-vous sur les lois et les r\u00e8glements locaux en mati\u00e8re de cr\u00e9ation d&rsquo;entreprise, et recherchez des opportunit\u00e9s d&rsquo;investissement ou de partenariat.<\/p>\r\n\r\n\r\n\r\n<h3 class=\"wp-block-heading\">Apprenez la langue locale\u00a0<\/h3>\r\n\r\n\r\n\r\n<p>Apprendre la langue locale est une \u00e9tape importante pour vous int\u00e9grer dans votre nouveau pays d&rsquo;accueil. Vous pouvez prendre des cours de langue en ligne, rejoindre des groupes de conversation, ou suivre des cours de langue sur place. Apprendre la langue locale peut \u00e9galement vous aider \u00e0 trouver un emploi ou \u00e0 cr\u00e9er votre propre entreprise.<\/p>\r\n\r\n\r\n\r\n<h3 class=\"wp-block-heading\">\u00c9tablissez des contacts locaux\u00a0<\/h3>\r\n\r\n\r\n\r\n<p>\u00c9tablir des contacts locaux peut vous aider \u00e0 vous int\u00e9grer dans votre nouveau pays d&rsquo;accueil et \u00e0 vous sentir plus \u00e0 l&rsquo;aise. Vous pouvez rejoindre des groupes locaux sur les r\u00e9seaux sociaux, participer \u00e0 des \u00e9v\u00e9nements locaux, ou contacter des associations locales pour rencontrer des personnes partageant les m\u00eames int\u00e9r\u00eats.<\/p>\r\n","protected":false},"excerpt":{"rendered":"<p>De plus en plus de personnes r\u00eavent de vivre \u00e0 l&rsquo;\u00e9tranger. Que ce soit pour des raisons professionnelles, pour d\u00e9couvrir de nouvelles cultures, pour apprendre une langue \u00e9trang\u00e8re ou pour explorer de nouveaux horizons, vivre \u00e0 l&rsquo;\u00e9tranger peut \u00eatre une exp\u00e9rience enrichissante et stimulante. Cependant, envisager de vivre \u00e0 l&rsquo;\u00e9tranger peut \u00e9galement \u00eatre effrayant et [&hellip;]<\/p>\n","protected":false},"author":1,"featured_media":960,"parent":0,"menu_order":0,"comment_status":"closed","ping_status":"closed","template":"","meta":{"_acf_changed":false,"footnotes":""},"class_list":["post-126","page","type-page","status-publish","has-post-thumbnail","hentry"],"acf":[],"yoast_head":"<!-- This site is optimized with the Yoast SEO plugin v27.3 - https:\/\/yoast.com\/product\/yoast-seo-wordpress\/ -->\n<title>Vivre \u00e0 l&#039;\u00e9tranger | Evasio<\/title>\n<meta name=\"robots\" content=\"index, follow, max-snippet:-1, max-image-preview:large, max-video-preview:-1\" \/>\n<link rel=\"canonical\" href=\"https:\/\/evasio.world\/fr\/vivre-a-letranger\/\" \/>\n<meta property=\"og:locale\" content=\"fr_FR\" \/>\n<meta property=\"og:type\" content=\"article\" \/>\n<meta property=\"og:title\" content=\"Vivre \u00e0 l&#039;\u00e9tranger | Evasio\" \/>\n<meta property=\"og:description\" content=\"De plus en plus de personnes r\u00eavent de vivre \u00e0 l&rsquo;\u00e9tranger. Que ce soit pour des raisons professionnelles, pour d\u00e9couvrir de nouvelles cultures, pour apprendre une langue \u00e9trang\u00e8re ou pour explorer de nouveaux horizons, vivre \u00e0 l&rsquo;\u00e9tranger peut \u00eatre une exp\u00e9rience enrichissante et stimulante. Cependant, envisager de vivre \u00e0 l&rsquo;\u00e9tranger peut \u00e9galement \u00eatre effrayant et [&hellip;]\" \/>\n<meta property=\"og:url\" content=\"https:\/\/evasio.world\/fr\/vivre-a-letranger\/\" \/>\n<meta property=\"og:site_name\" content=\"Fran\u00e7ais\" \/>\n<meta property=\"article:modified_time\" content=\"2024-01-01T22:29:26+00:00\" \/>\n<meta property=\"og:image\" content=\"https:\/\/evasio.world\/fr\/wp-content\/uploads\/sites\/2\/2023\/12\/ccab50bae7e9f708b31668ca6961fca4.jpg\" \/>\n\t<meta property=\"og:image:width\" content=\"1080\" \/>\n\t<meta property=\"og:image:height\" content=\"812\" \/>\n\t<meta property=\"og:image:type\" content=\"image\/jpeg\" \/>\n<meta name=\"twitter:card\" content=\"summary_large_image\" \/>\n<meta name=\"twitter:label1\" content=\"Dur\u00e9e de lecture estim\u00e9e\" \/>\n\t<meta name=\"twitter:data1\" content=\"3 minutes\" \/>\n<script type=\"application\/ld+json\" class=\"yoast-schema-graph\">{\"@context\":\"https:\\\/\\\/schema.org\",\"@graph\":[{\"@type\":\"WebPage\",\"@id\":\"https:\\\/\\\/evasio.world\\\/fr\\\/vivre-a-letranger\\\/\",\"url\":\"https:\\\/\\\/evasio.world\\\/fr\\\/vivre-a-letranger\\\/\",\"name\":\"Vivre \u00e0 l'\u00e9tranger | Evasio\",\"isPartOf\":{\"@id\":\"https:\\\/\\\/evasio.world\\\/fr\\\/#website\"},\"primaryImageOfPage\":{\"@id\":\"https:\\\/\\\/evasio.world\\\/fr\\\/vivre-a-letranger\\\/#primaryimage\"},\"image\":{\"@id\":\"https:\\\/\\\/evasio.world\\\/fr\\\/vivre-a-letranger\\\/#primaryimage\"},\"thumbnailUrl\":\"\",\"datePublished\":\"2023-04-25T02:20:31+00:00\",\"dateModified\":\"2024-01-01T22:29:26+00:00\",\"breadcrumb\":{\"@id\":\"https:\\\/\\\/evasio.world\\\/fr\\\/vivre-a-letranger\\\/#breadcrumb\"},\"inLanguage\":\"fr-FR\",\"potentialAction\":[{\"@type\":\"ReadAction\",\"target\":[\"https:\\\/\\\/evasio.world\\\/fr\\\/vivre-a-letranger\\\/\"]}]},{\"@type\":\"ImageObject\",\"inLanguage\":\"fr-FR\",\"@id\":\"https:\\\/\\\/evasio.world\\\/fr\\\/vivre-a-letranger\\\/#primaryimage\",\"url\":\"\",\"contentUrl\":\"\",\"width\":1080,\"height\":812},{\"@type\":\"BreadcrumbList\",\"@id\":\"https:\\\/\\\/evasio.world\\\/fr\\\/vivre-a-letranger\\\/#breadcrumb\",\"itemListElement\":[{\"@type\":\"ListItem\",\"position\":1,\"name\":\"Accueil\",\"item\":\"https:\\\/\\\/evasio.world\\\/fr\\\/\"},{\"@type\":\"ListItem\",\"position\":2,\"name\":\"Vivre \u00e0 l&rsquo;\u00e9tranger\"}]},{\"@type\":\"WebSite\",\"@id\":\"https:\\\/\\\/evasio.world\\\/fr\\\/#website\",\"url\":\"https:\\\/\\\/evasio.world\\\/fr\\\/\",\"name\":\"Evasio\",\"description\":\"\",\"potentialAction\":[{\"@type\":\"SearchAction\",\"target\":{\"@type\":\"EntryPoint\",\"urlTemplate\":\"https:\\\/\\\/evasio.world\\\/fr\\\/?s={search_term_string}\"},\"query-input\":{\"@type\":\"PropertyValueSpecification\",\"valueRequired\":true,\"valueName\":\"search_term_string\"}}],\"inLanguage\":\"fr-FR\"}]}<\/script>\n<!-- \/ Yoast SEO plugin. -->","yoast_head_json":{"title":"Vivre \u00e0 l'\u00e9tranger | Evasio","robots":{"index":"index","follow":"follow","max-snippet":"max-snippet:-1","max-image-preview":"max-image-preview:large","max-video-preview":"max-video-preview:-1"},"canonical":"https:\/\/evasio.world\/fr\/vivre-a-letranger\/","og_locale":"fr_FR","og_type":"article","og_title":"Vivre \u00e0 l'\u00e9tranger | Evasio","og_description":"De plus en plus de personnes r\u00eavent de vivre \u00e0 l&rsquo;\u00e9tranger. Que ce soit pour des raisons professionnelles, pour d\u00e9couvrir de nouvelles cultures, pour apprendre une langue \u00e9trang\u00e8re ou pour explorer de nouveaux horizons, vivre \u00e0 l&rsquo;\u00e9tranger peut \u00eatre une exp\u00e9rience enrichissante et stimulante. Cependant, envisager de vivre \u00e0 l&rsquo;\u00e9tranger peut \u00e9galement \u00eatre effrayant et [&hellip;]","og_url":"https:\/\/evasio.world\/fr\/vivre-a-letranger\/","og_site_name":"Fran\u00e7ais","article_modified_time":"2024-01-01T22:29:26+00:00","og_image":[{"width":1080,"height":812,"url":"https:\/\/evasio.world\/fr\/wp-content\/uploads\/sites\/2\/2023\/12\/ccab50bae7e9f708b31668ca6961fca4.jpg","type":"image\/jpeg"}],"twitter_card":"summary_large_image","twitter_misc":{"Dur\u00e9e de lecture estim\u00e9e":"3 minutes"},"schema":{"@context":"https:\/\/schema.org","@graph":[{"@type":"WebPage","@id":"https:\/\/evasio.world\/fr\/vivre-a-letranger\/","url":"https:\/\/evasio.world\/fr\/vivre-a-letranger\/","name":"Vivre \u00e0 l'\u00e9tranger | Evasio","isPartOf":{"@id":"https:\/\/evasio.world\/fr\/#website"},"primaryImageOfPage":{"@id":"https:\/\/evasio.world\/fr\/vivre-a-letranger\/#primaryimage"},"image":{"@id":"https:\/\/evasio.world\/fr\/vivre-a-letranger\/#primaryimage"},"thumbnailUrl":"","datePublished":"2023-04-25T02:20:31+00:00","dateModified":"2024-01-01T22:29:26+00:00","breadcrumb":{"@id":"https:\/\/evasio.world\/fr\/vivre-a-letranger\/#breadcrumb"},"inLanguage":"fr-FR","potentialAction":[{"@type":"ReadAction","target":["https:\/\/evasio.world\/fr\/vivre-a-letranger\/"]}]},{"@type":"ImageObject","inLanguage":"fr-FR","@id":"https:\/\/evasio.world\/fr\/vivre-a-letranger\/#primaryimage","url":"","contentUrl":"","width":1080,"height":812},{"@type":"BreadcrumbList","@id":"https:\/\/evasio.world\/fr\/vivre-a-letranger\/#breadcrumb","itemListElement":[{"@type":"ListItem","position":1,"name":"Accueil","item":"https:\/\/evasio.world\/fr\/"},{"@type":"ListItem","position":2,"name":"Vivre \u00e0 l&rsquo;\u00e9tranger"}]},{"@type":"WebSite","@id":"https:\/\/evasio.world\/fr\/#website","url":"https:\/\/evasio.world\/fr\/","name":"Evasio","description":"","potentialAction":[{"@type":"SearchAction","target":{"@type":"EntryPoint","urlTemplate":"https:\/\/evasio.world\/fr\/?s={search_term_string}"},"query-input":{"@type":"PropertyValueSpecification","valueRequired":true,"valueName":"search_term_string"}}],"inLanguage":"fr-FR"}]}},"_links":{"self":[{"href":"https:\/\/evasio.world\/fr\/wp-json\/wp\/v2\/pages\/126","targetHints":{"allow":["GET"]}}],"collection":[{"href":"https:\/\/evasio.world\/fr\/wp-json\/wp\/v2\/pages"}],"about":[{"href":"https:\/\/evasio.world\/fr\/wp-json\/wp\/v2\/types\/page"}],"author":[{"embeddable":true,"href":"https:\/\/evasio.world\/fr\/wp-json\/wp\/v2\/users\/1"}],"replies":[{"embeddable":true,"href":"https:\/\/evasio.world\/fr\/wp-json\/wp\/v2\/comments?post=126"}],"version-history":[{"count":1,"href":"https:\/\/evasio.world\/fr\/wp-json\/wp\/v2\/pages\/126\/revisions"}],"predecessor-version":[{"id":1070,"href":"https:\/\/evasio.world\/fr\/wp-json\/wp\/v2\/pages\/126\/revisions\/1070"}],"wp:featuredmedia":[{"embeddable":true,"href":"https:\/\/evasio.world\/fr\/wp-json\/wp\/v2\/media\/960"}],"wp:attachment":[{"href":"https:\/\/evasio.world\/fr\/wp-json\/wp\/v2\/media?parent=126"}],"curies":[{"name":"wp","href":"https:\/\/api.w.org\/{rel}","templated":true}]}}