{"id":124,"date":"2023-04-25T04:20:19","date_gmt":"2023-04-25T02:20:19","guid":{"rendered":"http:\/\/evasio.lan\/fr\/?page_id=124"},"modified":"2024-01-01T23:27:23","modified_gmt":"2024-01-01T22:27:23","slug":"trouver-les-bons-plans","status":"publish","type":"page","link":"https:\/\/evasio.world\/fr\/trouver-les-bons-plans\/","title":{"rendered":"Trouver les bons plans"},"content":{"rendered":"\r\n<p>Voyager autour du monde est un r\u00eave pour de nombreuses personnes, mais cela peut sembler un peu intimidant et cher. Cependant, il existe de nombreuses fa\u00e7ons de trouver des bons plans pour voyager et rendre ce r\u00eave r\u00e9alit\u00e9.\u00a0<\/p>\r\n\r\n\r\n\r\n<h3 class=\"wp-block-heading\">Planifiez \u00e0 l&rsquo;avance<\/h3>\r\n\r\n\r\n\r\n<p>Le premier conseil est de planifier \u00e0 l&rsquo;avance. Plus vous r\u00e9servez t\u00f4t, plus vous avez de chances de trouver des billets d&rsquo;avion et des h\u00e9bergements \u00e0 des prix abordables. De plus, en planifiant \u00e0 l&rsquo;avance, vous pouvez vous donner le temps de rechercher les meilleurs bons plans.<\/p>\r\n\r\n\r\n\r\n<h3 class=\"wp-block-heading\">Utilisez les comparateurs de vols<\/h3>\r\n\r\n\r\n\r\n<p>Les comparateurs de vols sont un excellent moyen de trouver des billets d&rsquo;avion \u00e0 des prix abordables. Il existe de nombreux comparateurs en ligne tels que Skyscanner, Kayak, Expedia, etc. Ces sites comparent les prix des billets d&rsquo;avion pour diff\u00e9rentes compagnies a\u00e9riennes et vous permettent de trouver les meilleurs tarifs.<\/p>\r\n\r\n\r\n\r\n<h3 class=\"wp-block-heading\">Voyagez hors saison<\/h3>\r\n\r\n\r\n\r\n<p>Si vous voyagez hors saison, vous pouvez b\u00e9n\u00e9ficier de tarifs plus avantageux pour les billets d&rsquo;avion, les h\u00e9bergements, les visites touristiques, etc. Les p\u00e9riodes creuses varient en fonction de la destination que vous choisissez, mais g\u00e9n\u00e9ralement, les mois d&rsquo;avril \u00e0 juin et de septembre \u00e0 novembre sont les plus propices.<\/p>\r\n\r\n\r\n\r\n<h3 class=\"wp-block-heading\">Inscrivez-vous aux newsletters des compagnies a\u00e9riennes<\/h3>\r\n\r\n\r\n\r\n<p>Les compagnies a\u00e9riennes envoient r\u00e9guli\u00e8rement des newsletters avec des offres sp\u00e9ciales pour les vols. En vous inscrivant \u00e0 ces newsletters, vous pouvez \u00eatre inform\u00e9 des derni\u00e8res offres et trouver des bons plans pour voyager.<\/p>\r\n\r\n\r\n\r\n<h3 class=\"wp-block-heading\">Utilisez les r\u00e9seaux sociaux<\/h3>\r\n\r\n\r\n\r\n<p>Les r\u00e9seaux sociaux sont un excellent moyen de trouver des bons plans pour voyager. De nombreuses compagnies a\u00e9riennes, h\u00f4tels et agences de voyage publient r\u00e9guli\u00e8rement des offres sp\u00e9ciales sur leurs pages Facebook, Twitter, Instagram, etc. En suivant ces pages, vous pouvez \u00eatre inform\u00e9 des derni\u00e8res offres.<\/p>\r\n\r\n\r\n\r\n<h3 class=\"wp-block-heading\">Utilisez les programmes de fid\u00e9lit\u00e9<\/h3>\r\n\r\n\r\n\r\n<p>De nombreuses compagnies a\u00e9riennes, h\u00f4tels et agences de voyage ont des programmes de fid\u00e9lit\u00e9. En vous inscrivant \u00e0 ces programmes, vous pouvez accumuler des points ou des miles que vous pouvez utiliser pour des vols, des h\u00e9bergements, etc. Cela peut vous aider \u00e0 \u00e9conomiser de l&rsquo;argent sur vos voyages \u00e0 l&rsquo;avenir.<\/p>\r\n\r\n\r\n\r\n<h3 class=\"wp-block-heading\"><br \/>Utilisez des sites d&rsquo;\u00e9changes de maisons<\/h3>\r\n\r\n\r\n\r\n<p>Les sites d&rsquo;\u00e9changes de maisons sont une autre fa\u00e7on de voyager \u00e0 moindre co\u00fbt. Ces sites permettent aux voyageurs d&rsquo;\u00e9changer leurs maisons pour des vacances. Cela vous permet de s\u00e9journer dans une maison confortable et de ne pas avoir \u00e0 payer pour un h\u00e9bergement co\u00fbteux.<\/p>\r\n","protected":false},"excerpt":{"rendered":"<p>Voyager autour du monde est un r\u00eave pour de nombreuses personnes, mais cela peut sembler un peu intimidant et cher. Cependant, il existe de nombreuses fa\u00e7ons de trouver des bons plans pour voyager et rendre ce r\u00eave r\u00e9alit\u00e9.\u00a0 Planifiez \u00e0 l&rsquo;avance Le premier conseil est de planifier \u00e0 l&rsquo;avance. Plus vous r\u00e9servez t\u00f4t, plus vous [&hellip;]<\/p>\n","protected":false},"author":1,"featured_media":1013,"parent":0,"menu_order":0,"comment_status":"closed","ping_status":"closed","template":"","meta":{"_acf_changed":false,"footnotes":""},"class_list":["post-124","page","type-page","status-publish","has-post-thumbnail","hentry"],"acf":[],"yoast_head":"<!-- This site is optimized with the Yoast SEO plugin v27.3 - https:\/\/yoast.com\/product\/yoast-seo-wordpress\/ -->\n<title>Trouver les bons plans | Evasio<\/title>\n<meta name=\"robots\" content=\"index, follow, max-snippet:-1, max-image-preview:large, max-video-preview:-1\" \/>\n<link rel=\"canonical\" href=\"https:\/\/evasio.world\/fr\/trouver-les-bons-plans\/\" \/>\n<meta property=\"og:locale\" content=\"fr_FR\" \/>\n<meta property=\"og:type\" content=\"article\" \/>\n<meta property=\"og:title\" content=\"Trouver les bons plans | Evasio\" \/>\n<meta property=\"og:description\" content=\"Voyager autour du monde est un r\u00eave pour de nombreuses personnes, mais cela peut sembler un peu intimidant et cher. Cependant, il existe de nombreuses fa\u00e7ons de trouver des bons plans pour voyager et rendre ce r\u00eave r\u00e9alit\u00e9.\u00a0 Planifiez \u00e0 l&rsquo;avance Le premier conseil est de planifier \u00e0 l&rsquo;avance. Plus vous r\u00e9servez t\u00f4t, plus vous [&hellip;]\" \/>\n<meta property=\"og:url\" content=\"https:\/\/evasio.world\/fr\/trouver-les-bons-plans\/\" \/>\n<meta property=\"og:site_name\" content=\"Fran\u00e7ais\" \/>\n<meta property=\"article:modified_time\" content=\"2024-01-01T22:27:23+00:00\" \/>\n<meta property=\"og:image\" content=\"https:\/\/evasio.world\/fr\/wp-content\/uploads\/sites\/2\/2023\/12\/voyage-1170x450-1.jpg\" \/>\n\t<meta property=\"og:image:width\" content=\"1170\" \/>\n\t<meta property=\"og:image:height\" content=\"450\" \/>\n\t<meta property=\"og:image:type\" content=\"image\/jpeg\" \/>\n<meta name=\"twitter:card\" content=\"summary_large_image\" \/>\n<meta name=\"twitter:label1\" content=\"Dur\u00e9e de lecture estim\u00e9e\" \/>\n\t<meta name=\"twitter:data1\" content=\"3 minutes\" \/>\n<script type=\"application\/ld+json\" class=\"yoast-schema-graph\">{\"@context\":\"https:\\\/\\\/schema.org\",\"@graph\":[{\"@type\":\"WebPage\",\"@id\":\"https:\\\/\\\/evasio.world\\\/fr\\\/trouver-les-bons-plans\\\/\",\"url\":\"https:\\\/\\\/evasio.world\\\/fr\\\/trouver-les-bons-plans\\\/\",\"name\":\"Trouver les bons plans | Evasio\",\"isPartOf\":{\"@id\":\"https:\\\/\\\/evasio.world\\\/fr\\\/#website\"},\"primaryImageOfPage\":{\"@id\":\"https:\\\/\\\/evasio.world\\\/fr\\\/trouver-les-bons-plans\\\/#primaryimage\"},\"image\":{\"@id\":\"https:\\\/\\\/evasio.world\\\/fr\\\/trouver-les-bons-plans\\\/#primaryimage\"},\"thumbnailUrl\":\"\",\"datePublished\":\"2023-04-25T02:20:19+00:00\",\"dateModified\":\"2024-01-01T22:27:23+00:00\",\"breadcrumb\":{\"@id\":\"https:\\\/\\\/evasio.world\\\/fr\\\/trouver-les-bons-plans\\\/#breadcrumb\"},\"inLanguage\":\"fr-FR\",\"potentialAction\":[{\"@type\":\"ReadAction\",\"target\":[\"https:\\\/\\\/evasio.world\\\/fr\\\/trouver-les-bons-plans\\\/\"]}]},{\"@type\":\"ImageObject\",\"inLanguage\":\"fr-FR\",\"@id\":\"https:\\\/\\\/evasio.world\\\/fr\\\/trouver-les-bons-plans\\\/#primaryimage\",\"url\":\"\",\"contentUrl\":\"\",\"width\":1170,\"height\":450},{\"@type\":\"BreadcrumbList\",\"@id\":\"https:\\\/\\\/evasio.world\\\/fr\\\/trouver-les-bons-plans\\\/#breadcrumb\",\"itemListElement\":[{\"@type\":\"ListItem\",\"position\":1,\"name\":\"Accueil\",\"item\":\"https:\\\/\\\/evasio.world\\\/fr\\\/\"},{\"@type\":\"ListItem\",\"position\":2,\"name\":\"Trouver les bons plans\"}]},{\"@type\":\"WebSite\",\"@id\":\"https:\\\/\\\/evasio.world\\\/fr\\\/#website\",\"url\":\"https:\\\/\\\/evasio.world\\\/fr\\\/\",\"name\":\"Evasio\",\"description\":\"\",\"potentialAction\":[{\"@type\":\"SearchAction\",\"target\":{\"@type\":\"EntryPoint\",\"urlTemplate\":\"https:\\\/\\\/evasio.world\\\/fr\\\/?s={search_term_string}\"},\"query-input\":{\"@type\":\"PropertyValueSpecification\",\"valueRequired\":true,\"valueName\":\"search_term_string\"}}],\"inLanguage\":\"fr-FR\"}]}<\/script>\n<!-- \/ Yoast SEO plugin. -->","yoast_head_json":{"title":"Trouver les bons plans | Evasio","robots":{"index":"index","follow":"follow","max-snippet":"max-snippet:-1","max-image-preview":"max-image-preview:large","max-video-preview":"max-video-preview:-1"},"canonical":"https:\/\/evasio.world\/fr\/trouver-les-bons-plans\/","og_locale":"fr_FR","og_type":"article","og_title":"Trouver les bons plans | Evasio","og_description":"Voyager autour du monde est un r\u00eave pour de nombreuses personnes, mais cela peut sembler un peu intimidant et cher. Cependant, il existe de nombreuses fa\u00e7ons de trouver des bons plans pour voyager et rendre ce r\u00eave r\u00e9alit\u00e9.\u00a0 Planifiez \u00e0 l&rsquo;avance Le premier conseil est de planifier \u00e0 l&rsquo;avance. Plus vous r\u00e9servez t\u00f4t, plus vous [&hellip;]","og_url":"https:\/\/evasio.world\/fr\/trouver-les-bons-plans\/","og_site_name":"Fran\u00e7ais","article_modified_time":"2024-01-01T22:27:23+00:00","og_image":[{"width":1170,"height":450,"url":"https:\/\/evasio.world\/fr\/wp-content\/uploads\/sites\/2\/2023\/12\/voyage-1170x450-1.jpg","type":"image\/jpeg"}],"twitter_card":"summary_large_image","twitter_misc":{"Dur\u00e9e de lecture estim\u00e9e":"3 minutes"},"schema":{"@context":"https:\/\/schema.org","@graph":[{"@type":"WebPage","@id":"https:\/\/evasio.world\/fr\/trouver-les-bons-plans\/","url":"https:\/\/evasio.world\/fr\/trouver-les-bons-plans\/","name":"Trouver les bons plans | Evasio","isPartOf":{"@id":"https:\/\/evasio.world\/fr\/#website"},"primaryImageOfPage":{"@id":"https:\/\/evasio.world\/fr\/trouver-les-bons-plans\/#primaryimage"},"image":{"@id":"https:\/\/evasio.world\/fr\/trouver-les-bons-plans\/#primaryimage"},"thumbnailUrl":"","datePublished":"2023-04-25T02:20:19+00:00","dateModified":"2024-01-01T22:27:23+00:00","breadcrumb":{"@id":"https:\/\/evasio.world\/fr\/trouver-les-bons-plans\/#breadcrumb"},"inLanguage":"fr-FR","potentialAction":[{"@type":"ReadAction","target":["https:\/\/evasio.world\/fr\/trouver-les-bons-plans\/"]}]},{"@type":"ImageObject","inLanguage":"fr-FR","@id":"https:\/\/evasio.world\/fr\/trouver-les-bons-plans\/#primaryimage","url":"","contentUrl":"","width":1170,"height":450},{"@type":"BreadcrumbList","@id":"https:\/\/evasio.world\/fr\/trouver-les-bons-plans\/#breadcrumb","itemListElement":[{"@type":"ListItem","position":1,"name":"Accueil","item":"https:\/\/evasio.world\/fr\/"},{"@type":"ListItem","position":2,"name":"Trouver les bons plans"}]},{"@type":"WebSite","@id":"https:\/\/evasio.world\/fr\/#website","url":"https:\/\/evasio.world\/fr\/","name":"Evasio","description":"","potentialAction":[{"@type":"SearchAction","target":{"@type":"EntryPoint","urlTemplate":"https:\/\/evasio.world\/fr\/?s={search_term_string}"},"query-input":{"@type":"PropertyValueSpecification","valueRequired":true,"valueName":"search_term_string"}}],"inLanguage":"fr-FR"}]}},"_links":{"self":[{"href":"https:\/\/evasio.world\/fr\/wp-json\/wp\/v2\/pages\/124","targetHints":{"allow":["GET"]}}],"collection":[{"href":"https:\/\/evasio.world\/fr\/wp-json\/wp\/v2\/pages"}],"about":[{"href":"https:\/\/evasio.world\/fr\/wp-json\/wp\/v2\/types\/page"}],"author":[{"embeddable":true,"href":"https:\/\/evasio.world\/fr\/wp-json\/wp\/v2\/users\/1"}],"replies":[{"embeddable":true,"href":"https:\/\/evasio.world\/fr\/wp-json\/wp\/v2\/comments?post=124"}],"version-history":[{"count":3,"href":"https:\/\/evasio.world\/fr\/wp-json\/wp\/v2\/pages\/124\/revisions"}],"predecessor-version":[{"id":1067,"href":"https:\/\/evasio.world\/fr\/wp-json\/wp\/v2\/pages\/124\/revisions\/1067"}],"wp:featuredmedia":[{"embeddable":true,"href":"https:\/\/evasio.world\/fr\/wp-json\/wp\/v2\/media\/1013"}],"wp:attachment":[{"href":"https:\/\/evasio.world\/fr\/wp-json\/wp\/v2\/media?parent=124"}],"curies":[{"name":"wp","href":"https:\/\/api.w.org\/{rel}","templated":true}]}}